{"id":45,"date":"2025-09-26T17:55:54","date_gmt":"2025-09-26T15:55:54","guid":{"rendered":"http:\/\/handjebijjehuwelijk.nl\/?page_id=45"},"modified":"2025-11-16T00:36:11","modified_gmt":"2025-11-15T22:36:11","slug":"about","status":"publish","type":"page","link":"http:\/\/handjebijjehuwelijk.nl\/?page_id=45","title":{"rendered":"About"},"content":{"rendered":"\t\t<div data-elementor-type=\"wp-page\" data-elementor-id=\"45\" class=\"elementor elementor-45\">\n\t\t\t\t<div class=\"elementor-element elementor-element-2ec9d630 e-con-full e-flex e-con e-parent\" data-id=\"2ec9d630\" data-element_type=\"container\" data-e-type=\"container\">\n\t\t<div class=\"elementor-element elementor-element-496edb39 e-con-full e-flex e-con e-child\" data-id=\"496edb39\" data-element_type=\"container\" data-e-type=\"container\">\n\t\t\t\t<div class=\"elementor-element elementor-element-3353e39a elementor-widget elementor-widget-heading\" data-id=\"3353e39a\" data-element_type=\"widget\" data-e-type=\"widget\" data-widget_type=\"heading.default\">\n\t\t\t\t\t<h1 class=\"elementor-heading-title elementor-size-default\">About me<\/h1>\t\t\t\t<\/div>\n\t\t\t\t<div class=\"elementor-element elementor-element-21d3c373 elementor-widget-divider--view-line elementor-widget elementor-widget-divider\" data-id=\"21d3c373\" data-element_type=\"widget\" data-e-type=\"widget\" data-widget_type=\"divider.default\">\n\t\t\t\t\t\t\t<div class=\"elementor-divider\">\n\t\t\t<span class=\"elementor-divider-separator\">\n\t\t\t\t\t\t<\/span>\n\t\t<\/div>\n\t\t\t\t\t\t<\/div>\n\t\t\t\t<div class=\"elementor-element elementor-element-4a2fa918 elementor-widget__width-initial elementor-widget elementor-widget-text-editor\" data-id=\"4a2fa918\" data-element_type=\"widget\" data-e-type=\"widget\" data-widget_type=\"text-editor.default\">\n\t\t\t\t\t\t\t\t\t<p data-start=\"165\" data-end=\"576\">Hallo, wat leuk dat je hier bent!<br data-start=\"198\" data-end=\"201\">Wat is handje bij je huwelijk precies? Mijn naam is Marleen, het gezicht achter Handje bij je Huwelijk. Ik ben jong, creatief en zit vol idee\u00ebn om jullie bruiloft n\u00e9t dat beetje extra te geven. Ik rond op dit moment de studie Leisure &amp; Events af. Hierdoor heb ik veel kennis \u00e9n ervaring in het organiseren en begeleiden van evenementen. Die precisie en voorbereiding zijn tijdens een bruiloft natuurlijk onmisbaar.<\/p>\n<p data-start=\"578\" data-end=\"1007\">Wat ik zo leuk vind? Dat geen enkele bruiloft hetzelfde is. Elk bruidspaar heeft een eigen verhaal. Daarom vind ik het een eer om dat verhaal om te zetten in een onvergetelijke dag. Of jullie nu kiezen voor een intieme bruiloft of juist een groot feest: ik denk graag mee. Dat kan voor het hele traject, maar ook voor alleen de voorbereiding of opzet. Vooral wanneer jullie n\u00e9t wat extra handjes of creativiteit kunnen gebruiken.<\/p>\n<p data-start=\"1009\" data-end=\"1292\">Wat mij kenmerkt, is mijn persoonlijke aanpak en frisse blik. Ik hou ervan wanneer bruidsparen \u00e9cht kunnen ontspannen op hun dag. Juist doordat ik achter de schermen alles in goede banen leid. Bovendien geloof ik dat juist de kleine details het verschil maken. Daar ligt mijn kracht.&nbsp;<\/p>\n<p data-start=\"337\" data-end=\"844\">\n<\/p><p data-start=\"1294\" data-end=\"1464\">Kortom: zoeken jullie iemand die met enthousiasme, creativiteit en zorg jullie dag ondersteunt? Dan help ik jullie graag om jullie droombruiloft werkelijkheid te maken en kijk alvast voor wat inspiratie in de inspiratie gids&nbsp;<\/p>\t\t\t\t\t\t\t\t<\/div>\n\t\t\t\t<\/div>\n\t\t\t\t<div class=\"elementor-element elementor-element-c0376fa elementor-widget elementor-widget-image\" data-id=\"c0376fa\" data-element_type=\"widget\" data-e-type=\"widget\" data-widget_type=\"image.default\">\n\t\t\t\t\t\t\t\t\t\t\t\t\t\t\t<img fetchpriority=\"high\" decoding=\"async\" width=\"682\" height=\"1024\" src=\"http:\/\/handjebijjehuwelijk.nl\/wp-content\/uploads\/2025\/10\/fotoshoot-lfl-682x1024.webp\" class=\"attachment-large size-large wp-image-257\" alt=\"Owner Handje bij je huwelijk\" srcset=\"http:\/\/handjebijjehuwelijk.nl\/wp-content\/uploads\/2025\/10\/fotoshoot-lfl-682x1024.webp 682w, http:\/\/handjebijjehuwelijk.nl\/wp-content\/uploads\/2025\/10\/fotoshoot-lfl-200x300.webp 200w, http:\/\/handjebijjehuwelijk.nl\/wp-content\/uploads\/2025\/10\/fotoshoot-lfl-768x1153.webp 768w, http:\/\/handjebijjehuwelijk.nl\/wp-content\/uploads\/2025\/10\/fotoshoot-lfl-1023x1536.webp 1023w, http:\/\/handjebijjehuwelijk.nl\/wp-content\/uploads\/2025\/10\/fotoshoot-lfl.webp 1066w\" sizes=\"(max-width: 682px) 100vw, 682px\" \/>\t\t\t\t\t\t\t\t\t\t\t\t\t\t\t<\/div>\n\t\t\t\t<\/div>\n\t\t<div class=\"elementor-element elementor-element-771db64c e-con-full e-flex e-con e-parent\" data-id=\"771db64c\" data-element_type=\"container\" data-e-type=\"container\">\n\t\t<div class=\"elementor-element elementor-element-94cc8e e-con-full e-flex e-con e-child\" data-id=\"94cc8e\" data-element_type=\"container\" data-e-type=\"container\">\n\t\t\t\t<div class=\"elementor-element elementor-element-4172f58f elementor-pagination-position-inside elementor-widget elementor-widget-image-carousel\" data-id=\"4172f58f\" data-element_type=\"widget\" data-e-type=\"widget\" data-settings=\"{&quot;slides_to_show&quot;:&quot;1&quot;,&quot;navigation&quot;:&quot;dots&quot;,&quot;pause_on_hover&quot;:&quot;no&quot;,&quot;pause_on_interaction&quot;:&quot;no&quot;,&quot;autoplay&quot;:&quot;yes&quot;,&quot;autoplay_speed&quot;:5000,&quot;infinite&quot;:&quot;yes&quot;,&quot;effect&quot;:&quot;slide&quot;,&quot;speed&quot;:500}\" data-widget_type=\"image-carousel.default\">\n\t\t\t\t\t\t\t<div class=\"elementor-image-carousel-wrapper swiper\" role=\"region\" aria-roledescription=\"carousel\" aria-label=\"Afbeelding carrousel\" dir=\"ltr\">\n\t\t\t<div class=\"elementor-image-carousel swiper-wrapper swiper-image-stretch\" aria-live=\"off\">\n\t\t\t\t\t\t\t\t<div class=\"swiper-slide\" role=\"group\" aria-roledescription=\"slide\" aria-label=\"1 van 4\"><figure class=\"swiper-slide-inner\"><img decoding=\"async\" class=\"swiper-slide-image\" src=\"http:\/\/handjebijjehuwelijk.nl\/wp-content\/uploads\/2025\/10\/pexels-trungnguyenphotog-2959192.jpg\" alt=\"Bruiloft close up handen\" \/><\/figure><\/div><div class=\"swiper-slide\" role=\"group\" aria-roledescription=\"slide\" aria-label=\"2 van 4\"><figure class=\"swiper-slide-inner\"><img decoding=\"async\" class=\"swiper-slide-image\" src=\"http:\/\/handjebijjehuwelijk.nl\/wp-content\/uploads\/2025\/10\/pexels-thatguycraig000-2306281-scaled.webp\" alt=\"tafelaankleding bruiloft\" \/><\/figure><\/div><div class=\"swiper-slide\" role=\"group\" aria-roledescription=\"slide\" aria-label=\"3 van 4\"><figure class=\"swiper-slide-inner\"><img decoding=\"async\" class=\"swiper-slide-image\" src=\"http:\/\/handjebijjehuwelijk.nl\/wp-content\/uploads\/2025\/10\/pexels-zvolskiy-1676133.jpg\" alt=\"trouwjurk\" \/><\/figure><\/div><div class=\"swiper-slide\" role=\"group\" aria-roledescription=\"slide\" aria-label=\"4 van 4\"><figure class=\"swiper-slide-inner\"><img decoding=\"async\" class=\"swiper-slide-image\" src=\"http:\/\/handjebijjehuwelijk.nl\/wp-content\/uploads\/2025\/10\/pexels-solliefoto-313697-scaled.webp\" alt=\"Boeket bruiloft\" \/><\/figure><\/div>\t\t\t<\/div>\n\t\t\t\t\t\t\t\n\t\t\t\t\t\t\t\t\t<div class=\"swiper-pagination\"><\/div>\n\t\t\t\t\t\t\t\t\t<\/div>\n\t\t\t\t\t\t<\/div>\n\t\t\t\t<\/div>\n\t\t<div class=\"elementor-element elementor-element-5c54cbf4 e-con-full e-flex e-con e-child\" data-id=\"5c54cbf4\" data-element_type=\"container\" data-e-type=\"container\">\n\t\t\t\t<div class=\"elementor-element elementor-element-3349bbd0 elementor-widget elementor-widget-heading\" data-id=\"3349bbd0\" data-element_type=\"widget\" data-e-type=\"widget\" data-widget_type=\"heading.default\">\n\t\t\t\t\t<h2 class=\"elementor-heading-title elementor-size-default\">Our Vision<\/h2>\t\t\t\t<\/div>\n\t\t\t\t<div class=\"elementor-element elementor-element-fb77d95 elementor-widget__width-initial elementor-widget elementor-widget-text-editor\" data-id=\"fb77d95\" data-element_type=\"widget\" data-e-type=\"widget\" data-widget_type=\"text-editor.default\">\n\t\t\t\t\t\t\t\t\t<p data-start=\"454\" data-end=\"545\" data-is-last-node=\"\" data-is-only-node=\"\">\n<\/p>\n<p data-start=\"66\" data-end=\"452\">Met Handje bij je Huwelijk wil ik koppels ondersteunen in het cre\u00ebren van een bruiloft die \u00e9cht van henzelf is. Mijn visie is dat ieder bruidspaar onbezorgd kan genieten, terwijl ik achter de schermen zorg dat alles vlekkeloos samenkomt tot een onvergetelijke ervaring.<\/p>\t\t\t\t\t\t\t\t<\/div>\n\t\t\t\t<div class=\"elementor-element elementor-element-1e9515da elementor-widget elementor-widget-testimonial\" data-id=\"1e9515da\" data-element_type=\"widget\" data-e-type=\"widget\" data-widget_type=\"testimonial.default\">\n\t\t\t\t\t\t\t<div class=\"elementor-testimonial-wrapper\">\n\t\t\t\t\t\t\t<div class=\"elementor-testimonial-content\"><li data-start=\"213\" data-end=\"260\"><p data-start=\"216\" data-end=\"260\"><em data-start=\"216\" data-end=\"258\">\"Jullie dag, jullie verhaal, onze zorg.''<\/em><\/p><\/li><\/div>\n\t\t\t\n\t\t\t\t\t\t<div class=\"elementor-testimonial-meta\">\n\t\t\t\t<div class=\"elementor-testimonial-meta-inner\">\n\t\t\t\t\t\n\t\t\t\t\t\t\t\t\t\t<div class=\"elementor-testimonial-details\">\n\t\t\t\t\t\t\t\t\t\t\t\t\t\t<div class=\"elementor-testimonial-name\">Marleen - Oprichtster<\/div>\n\t\t\t\t\t\t\t\t\t\t\t\t\t\t\t\t\t\t\t<\/div>\n\t\t\t\t\t\t\t\t\t<\/div>\n\t\t\t<\/div>\n\t\t\t\t\t<\/div>\n\t\t\t\t\t\t<\/div>\n\t\t\t\t<\/div>\n\t\t\t\t<\/div>\n\t\t<div class=\"elementor-element elementor-element-6dc50d90 e-flex e-con-boxed e-con e-parent\" data-id=\"6dc50d90\" data-element_type=\"container\" data-e-type=\"container\">\n\t\t\t\t\t<div class=\"e-con-inner\">\n\t\t\t\t<div class=\"elementor-element elementor-element-459095c elementor-widget elementor-widget-heading\" data-id=\"459095c\" data-element_type=\"widget\" data-e-type=\"widget\" data-widget_type=\"heading.default\">\n\t\t\t\t\t<h2 class=\"elementor-heading-title elementor-size-default\"><h2 data-elementor-setting-key=\"title\" data-pen-placeholder=\"Hier typen...\" style=\"font-family: Poppins, sans-serif;font-weight: 600;line-height: 78px;font-size: 65px;text-transform: none;font-style: normal;text-decoration: none;letter-spacing: normal\">Handje bij je huwelijk?<\/h2><\/h2>\t\t\t\t<\/div>\n\t\t\t\t<div class=\"elementor-element elementor-element-312f1318 elementor-widget__width-initial elementor-widget elementor-widget-text-editor\" data-id=\"312f1318\" data-element_type=\"widget\" data-e-type=\"widget\" data-widget_type=\"text-editor.default\">\n\t\t\t\t\t\t\t\t\t<p>Plan een vrijblijvend gesprek in.<\/p>\t\t\t\t\t\t\t\t<\/div>\n\t\t\t\t<div class=\"elementor-element elementor-element-3913940f elementor-align-center elementor-invisible elementor-widget elementor-widget-button\" data-id=\"3913940f\" data-element_type=\"widget\" data-e-type=\"widget\" data-settings=\"{&quot;_animation&quot;:&quot;fadeInDown&quot;}\" data-widget_type=\"button.default\">\n\t\t\t\t\t\t\t\t\t\t<a class=\"elementor-button elementor-button-link elementor-size-sm\" href=\"http:\/\/handjebijjehuwelijk.nl\/wp-admin\/post.php?post=24&#038;action=elementor\" id=\"http:\/\/handjebijjehuwelijk.nl\/wp-admin\/post.php?post=24&amp;action=elementor\">\n\t\t\t\t\t\t<span class=\"elementor-button-content-wrapper\">\n\t\t\t\t\t\t\t\t\t<span class=\"elementor-button-text\">Contact Us<\/span>\n\t\t\t\t\t<\/span>\n\t\t\t\t\t<\/a>\n\t\t\t\t\t\t\t\t<\/div>\n\t\t\t\t\t<\/div>\n\t\t\t\t<\/div>\n\t\t\t\t<\/div>\n\t\t","protected":false},"excerpt":{"rendered":"<p>About me Hallo, wat leuk dat je hier bent!Wat is handje bij je huwelijk precies? Mijn naam is Marleen, het gezicht achter Handje bij je Huwelijk. Ik ben jong, creatief [&hellip;]<\/p>\n","protected":false},"author":1,"featured_media":52,"parent":0,"menu_order":0,"comment_status":"closed","ping_status":"closed","template":"elementor_header_footer","meta":{"footnotes":""},"class_list":["post-45","page","type-page","status-publish","has-post-thumbnail","hentry"],"yoast_head":"<!-- This site is optimized with the Yoast SEO plugin v27.6 - https:\/\/yoast.com\/product\/yoast-seo-wordpress\/ -->\n<title>About -<\/title>\n<meta name=\"description\" content=\"Ontdek wie Handje bij je Huwelijk is: specialist in professionele hulp bij bruiloften. Persoonlijke ondersteuning, creatieve idee\u00ebn en stressvrije wedding planning.\" \/>\n<meta name=\"robots\" content=\"index, follow, max-snippet:-1, max-image-preview:large, max-video-preview:-1\" \/>\n<link rel=\"canonical\" href=\"http:\/\/handjebijjehuwelijk.nl\/?page_id=45\" \/>\n<meta property=\"og:locale\" content=\"nl_NL\" \/>\n<meta property=\"og:type\" content=\"article\" \/>\n<meta property=\"og:title\" content=\"About -\" \/>\n<meta property=\"og:description\" content=\"Ontdek wie Handje bij je Huwelijk is: specialist in professionele hulp bij bruiloften. Persoonlijke ondersteuning, creatieve idee\u00ebn en stressvrije wedding planning.\" \/>\n<meta property=\"og:url\" content=\"http:\/\/handjebijjehuwelijk.nl\/?page_id=45\" \/>\n<meta property=\"article:modified_time\" content=\"2025-11-15T22:36:11+00:00\" \/>\n<meta property=\"og:image\" content=\"http:\/\/handjebijjehuwelijk.nl\/wp-content\/uploads\/2025\/09\/About-400_380.jpg\" \/>\n\t<meta property=\"og:image:width\" content=\"400\" \/>\n\t<meta property=\"og:image:height\" content=\"380\" \/>\n\t<meta property=\"og:image:type\" content=\"image\/jpeg\" \/>\n<meta name=\"twitter:card\" content=\"summary_large_image\" \/>\n<meta name=\"twitter:label1\" content=\"Geschatte leestijd\" \/>\n\t<meta name=\"twitter:data1\" content=\"3 minuten\" \/>\n<script type=\"application\/ld+json\" class=\"yoast-schema-graph\">{\"@context\":\"https:\\\/\\\/schema.org\",\"@graph\":[{\"@type\":\"WebPage\",\"@id\":\"http:\\\/\\\/handjebijjehuwelijk.nl\\\/?page_id=45\",\"url\":\"http:\\\/\\\/handjebijjehuwelijk.nl\\\/?page_id=45\",\"name\":\"About -\",\"isPartOf\":{\"@id\":\"https:\\\/\\\/handjebijjehuwelijk.nl\\\/#website\"},\"primaryImageOfPage\":{\"@id\":\"http:\\\/\\\/handjebijjehuwelijk.nl\\\/?page_id=45#primaryimage\"},\"image\":{\"@id\":\"http:\\\/\\\/handjebijjehuwelijk.nl\\\/?page_id=45#primaryimage\"},\"thumbnailUrl\":\"http:\\\/\\\/handjebijjehuwelijk.nl\\\/wp-content\\\/uploads\\\/2025\\\/09\\\/About-400_380.jpg\",\"datePublished\":\"2025-09-26T15:55:54+00:00\",\"dateModified\":\"2025-11-15T22:36:11+00:00\",\"description\":\"Ontdek wie Handje bij je Huwelijk is: specialist in professionele hulp bij bruiloften. Persoonlijke ondersteuning, creatieve idee\u00ebn en stressvrije wedding planning.\",\"breadcrumb\":{\"@id\":\"http:\\\/\\\/handjebijjehuwelijk.nl\\\/?page_id=45#breadcrumb\"},\"inLanguage\":\"nl-NL\",\"potentialAction\":[{\"@type\":\"ReadAction\",\"target\":[\"http:\\\/\\\/handjebijjehuwelijk.nl\\\/?page_id=45\"]}]},{\"@type\":\"ImageObject\",\"inLanguage\":\"nl-NL\",\"@id\":\"http:\\\/\\\/handjebijjehuwelijk.nl\\\/?page_id=45#primaryimage\",\"url\":\"http:\\\/\\\/handjebijjehuwelijk.nl\\\/wp-content\\\/uploads\\\/2025\\\/09\\\/About-400_380.jpg\",\"contentUrl\":\"http:\\\/\\\/handjebijjehuwelijk.nl\\\/wp-content\\\/uploads\\\/2025\\\/09\\\/About-400_380.jpg\",\"width\":400,\"height\":380},{\"@type\":\"BreadcrumbList\",\"@id\":\"http:\\\/\\\/handjebijjehuwelijk.nl\\\/?page_id=45#breadcrumb\",\"itemListElement\":[{\"@type\":\"ListItem\",\"position\":1,\"name\":\"Home\",\"item\":\"https:\\\/\\\/handjebijjehuwelijk.nl\\\/\"},{\"@type\":\"ListItem\",\"position\":2,\"name\":\"About\"}]},{\"@type\":\"WebSite\",\"@id\":\"https:\\\/\\\/handjebijjehuwelijk.nl\\\/#website\",\"url\":\"https:\\\/\\\/handjebijjehuwelijk.nl\\\/\",\"name\":\"handje bij je huwelijk\",\"description\":\"\",\"publisher\":{\"@id\":\"https:\\\/\\\/handjebijjehuwelijk.nl\\\/#organization\"},\"potentialAction\":[{\"@type\":\"SearchAction\",\"target\":{\"@type\":\"EntryPoint\",\"urlTemplate\":\"https:\\\/\\\/handjebijjehuwelijk.nl\\\/?s={search_term_string}\"},\"query-input\":{\"@type\":\"PropertyValueSpecification\",\"valueRequired\":true,\"valueName\":\"search_term_string\"}}],\"inLanguage\":\"nl-NL\"},{\"@type\":\"Organization\",\"@id\":\"https:\\\/\\\/handjebijjehuwelijk.nl\\\/#organization\",\"name\":\"handje bij je huwelijk\",\"url\":\"https:\\\/\\\/handjebijjehuwelijk.nl\\\/\",\"logo\":{\"@type\":\"ImageObject\",\"inLanguage\":\"nl-NL\",\"@id\":\"https:\\\/\\\/handjebijjehuwelijk.nl\\\/#\\\/schema\\\/logo\\\/image\\\/\",\"url\":\"http:\\\/\\\/handjebijjehuwelijk.nl\\\/wp-content\\\/uploads\\\/2025\\\/09\\\/ChatGPT-Image-30-sep-2025-14_07_06.webp\",\"contentUrl\":\"http:\\\/\\\/handjebijjehuwelijk.nl\\\/wp-content\\\/uploads\\\/2025\\\/09\\\/ChatGPT-Image-30-sep-2025-14_07_06.webp\",\"width\":1024,\"height\":1024,\"caption\":\"handje bij je huwelijk\"},\"image\":{\"@id\":\"https:\\\/\\\/handjebijjehuwelijk.nl\\\/#\\\/schema\\\/logo\\\/image\\\/\"}}]}<\/script>\n<!-- \/ Yoast SEO plugin. -->","yoast_head_json":{"title":"About -","description":"Ontdek wie Handje bij je Huwelijk is: specialist in professionele hulp bij bruiloften. Persoonlijke ondersteuning, creatieve idee\u00ebn en stressvrije wedding planning.","robots":{"index":"index","follow":"follow","max-snippet":"max-snippet:-1","max-image-preview":"max-image-preview:large","max-video-preview":"max-video-preview:-1"},"canonical":"http:\/\/handjebijjehuwelijk.nl\/?page_id=45","og_locale":"nl_NL","og_type":"article","og_title":"About -","og_description":"Ontdek wie Handje bij je Huwelijk is: specialist in professionele hulp bij bruiloften. Persoonlijke ondersteuning, creatieve idee\u00ebn en stressvrije wedding planning.","og_url":"http:\/\/handjebijjehuwelijk.nl\/?page_id=45","article_modified_time":"2025-11-15T22:36:11+00:00","og_image":[{"width":400,"height":380,"url":"http:\/\/handjebijjehuwelijk.nl\/wp-content\/uploads\/2025\/09\/About-400_380.jpg","type":"image\/jpeg"}],"twitter_card":"summary_large_image","twitter_misc":{"Geschatte leestijd":"3 minuten"},"schema":{"@context":"https:\/\/schema.org","@graph":[{"@type":"WebPage","@id":"http:\/\/handjebijjehuwelijk.nl\/?page_id=45","url":"http:\/\/handjebijjehuwelijk.nl\/?page_id=45","name":"About -","isPartOf":{"@id":"https:\/\/handjebijjehuwelijk.nl\/#website"},"primaryImageOfPage":{"@id":"http:\/\/handjebijjehuwelijk.nl\/?page_id=45#primaryimage"},"image":{"@id":"http:\/\/handjebijjehuwelijk.nl\/?page_id=45#primaryimage"},"thumbnailUrl":"http:\/\/handjebijjehuwelijk.nl\/wp-content\/uploads\/2025\/09\/About-400_380.jpg","datePublished":"2025-09-26T15:55:54+00:00","dateModified":"2025-11-15T22:36:11+00:00","description":"Ontdek wie Handje bij je Huwelijk is: specialist in professionele hulp bij bruiloften. Persoonlijke ondersteuning, creatieve idee\u00ebn en stressvrije wedding planning.","breadcrumb":{"@id":"http:\/\/handjebijjehuwelijk.nl\/?page_id=45#breadcrumb"},"inLanguage":"nl-NL","potentialAction":[{"@type":"ReadAction","target":["http:\/\/handjebijjehuwelijk.nl\/?page_id=45"]}]},{"@type":"ImageObject","inLanguage":"nl-NL","@id":"http:\/\/handjebijjehuwelijk.nl\/?page_id=45#primaryimage","url":"http:\/\/handjebijjehuwelijk.nl\/wp-content\/uploads\/2025\/09\/About-400_380.jpg","contentUrl":"http:\/\/handjebijjehuwelijk.nl\/wp-content\/uploads\/2025\/09\/About-400_380.jpg","width":400,"height":380},{"@type":"BreadcrumbList","@id":"http:\/\/handjebijjehuwelijk.nl\/?page_id=45#breadcrumb","itemListElement":[{"@type":"ListItem","position":1,"name":"Home","item":"https:\/\/handjebijjehuwelijk.nl\/"},{"@type":"ListItem","position":2,"name":"About"}]},{"@type":"WebSite","@id":"https:\/\/handjebijjehuwelijk.nl\/#website","url":"https:\/\/handjebijjehuwelijk.nl\/","name":"handje bij je huwelijk","description":"","publisher":{"@id":"https:\/\/handjebijjehuwelijk.nl\/#organization"},"potentialAction":[{"@type":"SearchAction","target":{"@type":"EntryPoint","urlTemplate":"https:\/\/handjebijjehuwelijk.nl\/?s={search_term_string}"},"query-input":{"@type":"PropertyValueSpecification","valueRequired":true,"valueName":"search_term_string"}}],"inLanguage":"nl-NL"},{"@type":"Organization","@id":"https:\/\/handjebijjehuwelijk.nl\/#organization","name":"handje bij je huwelijk","url":"https:\/\/handjebijjehuwelijk.nl\/","logo":{"@type":"ImageObject","inLanguage":"nl-NL","@id":"https:\/\/handjebijjehuwelijk.nl\/#\/schema\/logo\/image\/","url":"http:\/\/handjebijjehuwelijk.nl\/wp-content\/uploads\/2025\/09\/ChatGPT-Image-30-sep-2025-14_07_06.webp","contentUrl":"http:\/\/handjebijjehuwelijk.nl\/wp-content\/uploads\/2025\/09\/ChatGPT-Image-30-sep-2025-14_07_06.webp","width":1024,"height":1024,"caption":"handje bij je huwelijk"},"image":{"@id":"https:\/\/handjebijjehuwelijk.nl\/#\/schema\/logo\/image\/"}}]}},"_links":{"self":[{"href":"http:\/\/handjebijjehuwelijk.nl\/index.php?rest_route=\/wp\/v2\/pages\/45","targetHints":{"allow":["GET"]}}],"collection":[{"href":"http:\/\/handjebijjehuwelijk.nl\/index.php?rest_route=\/wp\/v2\/pages"}],"about":[{"href":"http:\/\/handjebijjehuwelijk.nl\/index.php?rest_route=\/wp\/v2\/types\/page"}],"author":[{"embeddable":true,"href":"http:\/\/handjebijjehuwelijk.nl\/index.php?rest_route=\/wp\/v2\/users\/1"}],"replies":[{"embeddable":true,"href":"http:\/\/handjebijjehuwelijk.nl\/index.php?rest_route=%2Fwp%2Fv2%2Fcomments&post=45"}],"version-history":[{"count":29,"href":"http:\/\/handjebijjehuwelijk.nl\/index.php?rest_route=\/wp\/v2\/pages\/45\/revisions"}],"predecessor-version":[{"id":496,"href":"http:\/\/handjebijjehuwelijk.nl\/index.php?rest_route=\/wp\/v2\/pages\/45\/revisions\/496"}],"wp:featuredmedia":[{"embeddable":true,"href":"http:\/\/handjebijjehuwelijk.nl\/index.php?rest_route=\/wp\/v2\/media\/52"}],"wp:attachment":[{"href":"http:\/\/handjebijjehuwelijk.nl\/index.php?rest_route=%2Fwp%2Fv2%2Fmedia&parent=45"}],"curies":[{"name":"wp","href":"https:\/\/api.w.org\/{rel}","templated":true}]}}